{"id":170,"date":"2023-12-07T10:59:08","date_gmt":"2023-12-07T10:59:08","guid":{"rendered":"https:\/\/www.help4georgia.pl\/?page_id=170"},"modified":"2024-02-05T10:38:51","modified_gmt":"2024-02-05T10:38:51","slug":"o-projekcie","status":"publish","type":"page","link":"https:\/\/www.help4georgia.pl\/index.php\/o-projekcie\/","title":{"rendered":"O projekcie"},"content":{"rendered":"\t\t<div data-elementor-type=\"wp-page\" data-elementor-id=\"170\" class=\"elementor elementor-170\">\n\t\t\t\t\t\t<section class=\"elementor-section elementor-top-section elementor-element elementor-element-7ce04558 elementor-section-boxed elementor-section-height-default elementor-section-height-default\" data-id=\"7ce04558\" data-element_type=\"section\" data-settings=\"{&quot;background_background&quot;:&quot;classic&quot;}\">\n\t\t\t\t\t\t\t<div class=\"elementor-background-overlay\"><\/div>\n\t\t\t\t\t\t\t<div class=\"elementor-container elementor-column-gap-default\">\n\t\t\t\t\t<div class=\"elementor-column elementor-col-100 elementor-top-column elementor-element elementor-element-0cf0b9a\" data-id=\"0cf0b9a\" data-element_type=\"column\">\n\t\t\t<div class=\"elementor-widget-wrap elementor-element-populated\">\n\t\t\t\t\t\t<div class=\"elementor-element elementor-element-baffe17 elementor-widget elementor-widget-spacer\" data-id=\"baffe17\" data-element_type=\"widget\" data-widget_type=\"spacer.default\">\n\t\t\t\t<div class=\"elementor-widget-container\">\n\t\t\t\t\t\t\t<div class=\"elementor-spacer\">\n\t\t\t<div class=\"elementor-spacer-inner\"><\/div>\n\t\t<\/div>\n\t\t\t\t\t\t<\/div>\n\t\t\t\t<\/div>\n\t\t\t\t\t<\/div>\n\t\t<\/div>\n\t\t\t\t\t<\/div>\n\t\t<\/section>\n\t\t\t\t<section class=\"elementor-section elementor-top-section elementor-element elementor-element-d2f5ff0 elementor-section-boxed elementor-section-height-default elementor-section-height-default\" data-id=\"d2f5ff0\" data-element_type=\"section\" data-settings=\"{&quot;background_background&quot;:&quot;classic&quot;}\">\n\t\t\t\t\t\t\t<div class=\"elementor-background-overlay\"><\/div>\n\t\t\t\t\t\t\t<div class=\"elementor-container elementor-column-gap-default\">\n\t\t\t\t\t<div class=\"elementor-column elementor-col-100 elementor-top-column elementor-element elementor-element-52a078d\" data-id=\"52a078d\" data-element_type=\"column\">\n\t\t\t<div class=\"elementor-widget-wrap elementor-element-populated\">\n\t\t\t\t\t\t<div class=\"elementor-element elementor-element-7d96807 elementor-widget elementor-widget-jkit_animated_text\" data-id=\"7d96807\" data-element_type=\"widget\" data-widget_type=\"jkit_animated_text.default\">\n\t\t\t\t<div class=\"elementor-widget-container\">\n\t\t\t\t\t<div  class=\"jeg-elementor-kit jkit-animated-text jeg_module___69fb358e5af20\"  data-style=\"none\"><p class=\"animated-text\"><span class=\"normal-text style-gradient\">O Projekcie<\/span><span class=\"dynamic-wrapper style-gradient\"><span class=\"dynamic-text\"><\/span><\/span><span class=\"normal-text style-gradient\"><\/span><\/p><\/div>\t\t\t\t<\/div>\n\t\t\t\t<\/div>\n\t\t\t\t<div class=\"elementor-element elementor-element-2c7fd20 elementor-widget elementor-widget-text-editor\" data-id=\"2c7fd20\" data-element_type=\"widget\" data-widget_type=\"text-editor.default\">\n\t\t\t\t<div class=\"elementor-widget-container\">\n\t\t\t\t\t\t\t\t\t<p>Projekt Social Inclusion Education in Georgia to prze\u0142omowa inicjatywa promuj\u0105ca edukacj\u0119 w\u0142\u0105czaj\u0105c\u0105 w Gruzji, koncentruj\u0105ca si\u0119 na zwi\u0119kszeniu r\u00f3wno\u015bci w dost\u0119pie do edukacji. Inicjatywa skupia si\u0119 na dw\u00f3ch kluczowych modu\u0142ach.<\/p>\n<p>Pierwszy modu\u0142 koncentruje si\u0119 na modernizacji infrastruktury instytucji edukacyjnych, z naciskiem na potrzeby os\u00f3b niepe\u0142nosprawnych. W ramach tego modu\u0142u projekt nawi\u0105zuje partnerstwo z St. Queen Tamar University of the Patriarchate of Georgia. Wsp\u00f3\u0142praca ta ma na celu identyfikacj\u0119 i rozwi\u0105zanie pilnych potrzeb infrastrukturalnych. Specjalistyczny sprz\u0119t, narz\u0119dzia dydaktyczne i programy edukacyjne zostan\u0105 zakupione w celu u\u0142atwienia dost\u0119pu i uczestnictwa os\u00f3b niepe\u0142nosprawnych w procesie edukacyjnym.<\/p><p><br><\/p>\n<p>Drugi modu\u0142 projektu obejmuje utworzenie Integracyjnego Centrum Doradztwa Zawodowego Stephen Hawking w celu wspierania os\u00f3b niepe\u0142nosprawnych i zagro\u017conych wykluczeniem. Centrum to, zatrudniaj\u0105ce do\u015bwiadczonych psycholog\u00f3w i doradc\u00f3w zawodowych, b\u0119dzie oferowa\u0107 wysokiej jako\u015bci us\u0142ugi doradcze przez ca\u0142y czas trwania projektu i po jego zako\u0144czeniu.<\/p><p><br><\/p>\n<p>Projekt &#8222;Edukacja na rzecz integracji spo\u0142ecznej w Gruzji&#8221; obejmuje r\u00f3wnie\u017c szeroko zakrojone szkolenia dla gruzi\u0144skiego personelu edukacyjnego, koncentruj\u0105ce si\u0119 na wykorzystaniu nowoczesnych urz\u0105dze\u0144, edukacji w\u0142\u0105czaj\u0105cej, technologii informatycznych i przysz\u0142ych kompetencji. Szkolenia te zostan\u0105 rozszerzone na 20 innych instytucji edukacyjnych, rozpowszechniaj\u0105c nowe metody i praktyki edukacyjne.<\/p><p><br><\/p>\n<p>Jest to ambitny projekt, kt\u00f3ry wykracza poza zwyk\u0142\u0105 edukacj\u0119; jest to ruch na rzecz zmian spo\u0142ecznych, kt\u00f3ry ma na celu zbudowanie bardziej integracyjnej przysz\u0142o\u015bci dla Gruzji. Projekt daje ka\u017cdemu dziecku, niezale\u017cnie od jego sytuacji, mo\u017cliwo\u015b\u0107 pe\u0142nego rozwoju i aktywnego uczestnictwa w \u017cyciu spo\u0142ecznym.<\/p>\t\t\t\t\t\t\t\t<\/div>\n\t\t\t\t<\/div>\n\t\t\t\t\t<\/div>\n\t\t<\/div>\n\t\t\t\t\t<\/div>\n\t\t<\/section>\n\t\t\t\t<section class=\"elementor-section elementor-top-section elementor-element elementor-element-3e16bbb elementor-section-boxed elementor-section-height-default elementor-section-height-default\" data-id=\"3e16bbb\" data-element_type=\"section\" data-settings=\"{&quot;background_background&quot;:&quot;classic&quot;}\">\n\t\t\t\t\t\t\t<div class=\"elementor-background-overlay\"><\/div>\n\t\t\t\t\t\t\t<div class=\"elementor-container elementor-column-gap-default\">\n\t\t\t\t\t<div class=\"elementor-column elementor-col-16 elementor-top-column elementor-element elementor-element-8b30123\" data-id=\"8b30123\" data-element_type=\"column\">\n\t\t\t<div class=\"elementor-widget-wrap\">\n\t\t\t\t\t\t\t<\/div>\n\t\t<\/div>\n\t\t\t\t<div class=\"elementor-column elementor-col-16 elementor-top-column elementor-element elementor-element-30e9ed0\" data-id=\"30e9ed0\" data-element_type=\"column\">\n\t\t\t<div class=\"elementor-widget-wrap elementor-element-populated\">\n\t\t\t\t\t\t<div class=\"elementor-element elementor-element-63b615b e-transform elementor-widget elementor-widget-image\" data-id=\"63b615b\" data-element_type=\"widget\" data-settings=\"{&quot;_transform_translateY_effect&quot;:{&quot;unit&quot;:&quot;px&quot;,&quot;size&quot;:5,&quot;sizes&quot;:[]},&quot;_transform_translateX_effect&quot;:{&quot;unit&quot;:&quot;px&quot;,&quot;size&quot;:&quot;&quot;,&quot;sizes&quot;:[]},&quot;_transform_translateX_effect_tablet&quot;:{&quot;unit&quot;:&quot;px&quot;,&quot;size&quot;:&quot;&quot;,&quot;sizes&quot;:[]},&quot;_transform_translateX_effect_mobile&quot;:{&quot;unit&quot;:&quot;px&quot;,&quot;size&quot;:&quot;&quot;,&quot;sizes&quot;:[]},&quot;_transform_translateY_effect_tablet&quot;:{&quot;unit&quot;:&quot;px&quot;,&quot;size&quot;:&quot;&quot;,&quot;sizes&quot;:[]},&quot;_transform_translateY_effect_mobile&quot;:{&quot;unit&quot;:&quot;px&quot;,&quot;size&quot;:&quot;&quot;,&quot;sizes&quot;:[]}}\" data-widget_type=\"image.default\">\n\t\t\t\t<div class=\"elementor-widget-container\">\n\t\t\t\t\t\t\t\t\t\t\t\t\t\t\t<img decoding=\"async\" src=\"https:\/\/www.help4georgia.pl\/wp-content\/uploads\/elementor\/thumbs\/Zrzut-ekranu-2023-12-08-172919-qgimwh2k765m2snv7movlzsrx0yjsj14kyrpyxqqxw.png\" title=\"Zrzut ekranu 2023-12-08 172919\" alt=\"Zrzut ekranu 2023-12-08 172919\" loading=\"lazy\" \/>\t\t\t\t\t\t\t\t\t\t\t\t\t\t\t<\/div>\n\t\t\t\t<\/div>\n\t\t\t\t\t<\/div>\n\t\t<\/div>\n\t\t\t\t<div class=\"elementor-column elementor-col-16 elementor-top-column elementor-element elementor-element-a84779f\" data-id=\"a84779f\" data-element_type=\"column\">\n\t\t\t<div class=\"elementor-widget-wrap elementor-element-populated\">\n\t\t\t\t\t\t<div class=\"elementor-element elementor-element-db98dc2 e-transform elementor-widget elementor-widget-image\" data-id=\"db98dc2\" data-element_type=\"widget\" data-settings=\"{&quot;_transform_translateY_effect&quot;:{&quot;unit&quot;:&quot;px&quot;,&quot;size&quot;:3,&quot;sizes&quot;:[]},&quot;_transform_translateX_effect&quot;:{&quot;unit&quot;:&quot;px&quot;,&quot;size&quot;:&quot;&quot;,&quot;sizes&quot;:[]},&quot;_transform_translateX_effect_tablet&quot;:{&quot;unit&quot;:&quot;px&quot;,&quot;size&quot;:&quot;&quot;,&quot;sizes&quot;:[]},&quot;_transform_translateX_effect_mobile&quot;:{&quot;unit&quot;:&quot;px&quot;,&quot;size&quot;:&quot;&quot;,&quot;sizes&quot;:[]},&quot;_transform_translateY_effect_tablet&quot;:{&quot;unit&quot;:&quot;px&quot;,&quot;size&quot;:&quot;&quot;,&quot;sizes&quot;:[]},&quot;_transform_translateY_effect_mobile&quot;:{&quot;unit&quot;:&quot;px&quot;,&quot;size&quot;:&quot;&quot;,&quot;sizes&quot;:[]}}\" data-widget_type=\"image.default\">\n\t\t\t\t<div class=\"elementor-widget-container\">\n\t\t\t\t\t\t\t\t\t\t\t\t\t\t\t<img decoding=\"async\" src=\"https:\/\/www.help4georgia.pl\/wp-content\/uploads\/elementor\/thumbs\/image-qhv4n5c35avrtr47r3krsnvrf9z2p5ll7mn7w56184.png\" title=\"image\" alt=\"image\" loading=\"lazy\" \/>\t\t\t\t\t\t\t\t\t\t\t\t\t\t\t<\/div>\n\t\t\t\t<\/div>\n\t\t\t\t\t<\/div>\n\t\t<\/div>\n\t\t\t\t<div class=\"elementor-column elementor-col-16 elementor-top-column elementor-element elementor-element-e800793\" data-id=\"e800793\" data-element_type=\"column\">\n\t\t\t<div class=\"elementor-widget-wrap elementor-element-populated\">\n\t\t\t\t\t\t<div class=\"elementor-element elementor-element-b0557b0 e-transform elementor-widget elementor-widget-image\" data-id=\"b0557b0\" data-element_type=\"widget\" data-settings=\"{&quot;_transform_translateY_effect&quot;:{&quot;unit&quot;:&quot;px&quot;,&quot;size&quot;:3,&quot;sizes&quot;:[]},&quot;_transform_translateX_effect&quot;:{&quot;unit&quot;:&quot;px&quot;,&quot;size&quot;:&quot;&quot;,&quot;sizes&quot;:[]},&quot;_transform_translateX_effect_tablet&quot;:{&quot;unit&quot;:&quot;px&quot;,&quot;size&quot;:&quot;&quot;,&quot;sizes&quot;:[]},&quot;_transform_translateX_effect_mobile&quot;:{&quot;unit&quot;:&quot;px&quot;,&quot;size&quot;:&quot;&quot;,&quot;sizes&quot;:[]},&quot;_transform_translateY_effect_tablet&quot;:{&quot;unit&quot;:&quot;px&quot;,&quot;size&quot;:&quot;&quot;,&quot;sizes&quot;:[]},&quot;_transform_translateY_effect_mobile&quot;:{&quot;unit&quot;:&quot;px&quot;,&quot;size&quot;:&quot;&quot;,&quot;sizes&quot;:[]}}\" data-widget_type=\"image.default\">\n\t\t\t\t<div class=\"elementor-widget-container\">\n\t\t\t\t\t\t\t\t\t\t\t\t\t\t\t<img decoding=\"async\" src=\"https:\/\/www.help4georgia.pl\/wp-content\/uploads\/elementor\/thumbs\/polska_pomoc_w-kopia-qhv4ok3drig0l4bbjk68lzz5p4r4gkkge3ln1m9g4k.png\" title=\"polska_pomoc_w kopia\" alt=\"polska_pomoc_w kopia\" loading=\"lazy\" \/>\t\t\t\t\t\t\t\t\t\t\t\t\t\t\t<\/div>\n\t\t\t\t<\/div>\n\t\t\t\t\t<\/div>\n\t\t<\/div>\n\t\t\t\t<div class=\"elementor-column elementor-col-16 elementor-top-column elementor-element elementor-element-48d1ee2\" data-id=\"48d1ee2\" data-element_type=\"column\">\n\t\t\t<div class=\"elementor-widget-wrap elementor-element-populated\">\n\t\t\t\t\t\t<div class=\"elementor-element elementor-element-8327cef e-transform elementor-widget elementor-widget-image\" data-id=\"8327cef\" data-element_type=\"widget\" data-settings=\"{&quot;_transform_translateY_effect&quot;:{&quot;unit&quot;:&quot;px&quot;,&quot;size&quot;:18,&quot;sizes&quot;:[]},&quot;_transform_translateX_effect&quot;:{&quot;unit&quot;:&quot;px&quot;,&quot;size&quot;:&quot;&quot;,&quot;sizes&quot;:[]},&quot;_transform_translateX_effect_tablet&quot;:{&quot;unit&quot;:&quot;px&quot;,&quot;size&quot;:&quot;&quot;,&quot;sizes&quot;:[]},&quot;_transform_translateX_effect_mobile&quot;:{&quot;unit&quot;:&quot;px&quot;,&quot;size&quot;:&quot;&quot;,&quot;sizes&quot;:[]},&quot;_transform_translateY_effect_tablet&quot;:{&quot;unit&quot;:&quot;px&quot;,&quot;size&quot;:&quot;&quot;,&quot;sizes&quot;:[]},&quot;_transform_translateY_effect_mobile&quot;:{&quot;unit&quot;:&quot;px&quot;,&quot;size&quot;:&quot;&quot;,&quot;sizes&quot;:[]}}\" data-widget_type=\"image.default\">\n\t\t\t\t<div class=\"elementor-widget-container\">\n\t\t\t\t\t\t\t\t\t\t\t\t\t\t\t<img decoding=\"async\" src=\"https:\/\/www.help4georgia.pl\/wp-content\/uploads\/2024\/01\/LOGO1.png\" title=\"LOGO1\" alt=\"LOGO1\" loading=\"lazy\" \/>\t\t\t\t\t\t\t\t\t\t\t\t\t\t\t<\/div>\n\t\t\t\t<\/div>\n\t\t\t\t\t<\/div>\n\t\t<\/div>\n\t\t\t\t<div class=\"elementor-column elementor-col-16 elementor-top-column elementor-element elementor-element-ddda982\" data-id=\"ddda982\" data-element_type=\"column\">\n\t\t\t<div class=\"elementor-widget-wrap\">\n\t\t\t\t\t\t\t<\/div>\n\t\t<\/div>\n\t\t\t\t\t<\/div>\n\t\t<\/section>\n\t\t\t\t<section class=\"elementor-section elementor-top-section elementor-element elementor-element-8ec8409 elementor-section-boxed elementor-section-height-default elementor-section-height-default\" data-id=\"8ec8409\" data-element_type=\"section\" data-settings=\"{&quot;background_background&quot;:&quot;classic&quot;}\">\n\t\t\t\t\t\t\t<div class=\"elementor-background-overlay\"><\/div>\n\t\t\t\t\t\t\t<div class=\"elementor-container elementor-column-gap-default\">\n\t\t\t\t\t<div class=\"elementor-column elementor-col-100 elementor-top-column elementor-element elementor-element-060d192\" data-id=\"060d192\" data-element_type=\"column\">\n\t\t\t<div class=\"elementor-widget-wrap elementor-element-populated\">\n\t\t\t\t\t\t<div class=\"elementor-element elementor-element-338a637 elementor-widget elementor-widget-text-editor\" data-id=\"338a637\" data-element_type=\"widget\" data-widget_type=\"text-editor.default\">\n\t\t\t\t<div class=\"elementor-widget-container\">\n\t\t\t\t\t\t\t\t\t<p>Finansowanie: 323 420 z\u0142<\/p><p>\u201eProjekt wsp\u00f3\u0142finansowany z bud\u017cetu pa\u0144stwa w ramach polskiej wsp\u00f3\u0142pracy rozwojowej Ministerstwa Spraw Zagranicznych Rzeczypospolitej Polskiej\u201d<\/p>\t\t\t\t\t\t\t\t<\/div>\n\t\t\t\t<\/div>\n\t\t\t\t<div class=\"elementor-element elementor-element-caef6bb elementor-widget elementor-widget-spacer\" data-id=\"caef6bb\" data-element_type=\"widget\" data-widget_type=\"spacer.default\">\n\t\t\t\t<div class=\"elementor-widget-container\">\n\t\t\t\t\t\t\t<div class=\"elementor-spacer\">\n\t\t\t<div class=\"elementor-spacer-inner\"><\/div>\n\t\t<\/div>\n\t\t\t\t\t\t<\/div>\n\t\t\t\t<\/div>\n\t\t\t\t\t<\/div>\n\t\t<\/div>\n\t\t\t\t\t<\/div>\n\t\t<\/section>\n\t\t\t\t<\/div>\n\t\t","protected":false},"excerpt":{"rendered":"<p>O Projekcie Projekt Social Inclusion Education in Georgia to prze\u0142omowa inicjatywa promuj\u0105ca edukacj\u0119 w\u0142\u0105czaj\u0105c\u0105 w Gruzji, koncentruj\u0105ca si\u0119 na zwi\u0119kszeniu r\u00f3wno\u015bci w dost\u0119pie do edukacji. Inicjatywa skupia si\u0119 na dw\u00f3ch kluczowych modu\u0142ach. Pierwszy modu\u0142 koncentruje si\u0119 na modernizacji infrastruktury instytucji edukacyjnych, z naciskiem na potrzeby os\u00f3b niepe\u0142nosprawnych. W ramach tego modu\u0142u projekt nawi\u0105zuje partnerstwo z&hellip; <a class=\"more-link\" href=\"https:\/\/www.help4georgia.pl\/index.php\/o-projekcie\/\">Czytaj dalej <span class=\"screen-reader-text\">O projekcie<\/span><\/a><\/p>\n","protected":false},"author":1,"featured_media":0,"parent":0,"menu_order":0,"comment_status":"closed","ping_status":"closed","template":"elementor_header_footer","meta":{"footnotes":""},"class_list":["post-170","page","type-page","status-publish","hentry","entry"],"_links":{"self":[{"href":"https:\/\/www.help4georgia.pl\/index.php\/wp-json\/wp\/v2\/pages\/170","targetHints":{"allow":["GET"]}}],"collection":[{"href":"https:\/\/www.help4georgia.pl\/index.php\/wp-json\/wp\/v2\/pages"}],"about":[{"href":"https:\/\/www.help4georgia.pl\/index.php\/wp-json\/wp\/v2\/types\/page"}],"author":[{"embeddable":true,"href":"https:\/\/www.help4georgia.pl\/index.php\/wp-json\/wp\/v2\/users\/1"}],"replies":[{"embeddable":true,"href":"https:\/\/www.help4georgia.pl\/index.php\/wp-json\/wp\/v2\/comments?post=170"}],"version-history":[{"count":59,"href":"https:\/\/www.help4georgia.pl\/index.php\/wp-json\/wp\/v2\/pages\/170\/revisions"}],"predecessor-version":[{"id":1093,"href":"https:\/\/www.help4georgia.pl\/index.php\/wp-json\/wp\/v2\/pages\/170\/revisions\/1093"}],"wp:attachment":[{"href":"https:\/\/www.help4georgia.pl\/index.php\/wp-json\/wp\/v2\/media?parent=170"}],"curies":[{"name":"wp","href":"https:\/\/api.w.org\/{rel}","templated":true}]}}